{"id":159,"date":"2021-11-29T04:41:45","date_gmt":"2021-11-29T04:41:45","guid":{"rendered":"http:\/\/www.goran-grofelnik.com\/?page_id=159"},"modified":"2024-11-23T04:37:56","modified_gmt":"2024-11-23T04:37:56","slug":"o-autoru-about","status":"publish","type":"page","link":"https:\/\/www.goran-grofelnik.com\/?page_id=159","title":{"rendered":"O autoru | About"},"content":{"rendered":"<div class=\"brz-root__container brz-reset-all brz\">\n<section id=\"_mjfvfolmtsvvjtpbisujgwlhtezmmldrhjcm\" style=\"height:auto\" class=\"brz-section brz-section__header brz-css-gT1TU\">\n<div class=\"brz-section__header--fixed\">\n<div class=\"brz-section__menu-item brz-css-w0_N5 brz-css-otMoD\" data-brz-custom-id=\"fdgnejpfoiwygwxtaulicqmomngjrhlnqpdh\">\n<div class=\"brz-bg\">\n<div class=\"brz-bg-color\"><\/div>\n<\/div>\n<div class=\"brz-container brz-css-xyq5U\">\n<div class=\"brz-row__container brz-css-nlz3X\" data-brz-custom-id=\"siqpbznihzuzvxqqduwxjrezxgnpyipprygi\">\n<div class=\"brz-bg\"><\/div>\n<div class=\"brz-row brz-css-xp764 brz-css-udFU5\">\n<div class=\"brz-columns brz-css-xbCSu brz-css-d0v0D\" data-brz-custom-id=\"xbtpwzlbnwtndfmqgigjiebynjgucazwjijy\">\n<div class=\"brz-bg\"><\/div>\n<div class=\"brz-column__items brz-css-wGWtk brz-css-jRxP2\">\n<div id=\"\" class=\"brz-css-qn1ms brz-wrapper\">\n<div class=\"brz-image brz-css-dcscE\" data-brz-custom-id=\"nlkxodzkylugglnpszlcuoszgtvcvvsxlcbf\"><a class=\"brz-a\" href=\"http:\/\/www.goran-grofelnik.com\/\" target=\"_self\" rel=\"noopener\" data-brz-link-type=\"external\"><img decoding=\"async\" class=\"brz-img\" src=\"http:\/\/www.goran-grofelnik.com\/wp-content\/uploads\/brizy\/imgs\/grof-potpis-342x71x0x7x342x58x1638143110.png\" alt=\"\" loading=\"lazy\"><\/a><\/div>\n<\/div>\n<\/div>\n<\/div>\n<div class=\"brz-columns brz-css-xbCSu brz-css-kd10v\" data-brz-custom-id=\"wqjklacgydtaonvsfbvaxjwtymqvkzjvsxjx\">\n<div class=\"brz-bg\"><\/div>\n<div class=\"brz-column__items brz-css-wGWtk brz-css-lIWim\">\n<div id=\"\" class=\"brz-css-qn1ms brz-css-g9WyU brz-wrapper\">\n<div class=\"brz-menu__container brz-css-b2PFW\" data-mmenu-id=\"#edjvdhakpwpvdnapuksvygzpgupngwpvzzem_\" data-mmenu-position=\"position-left\" data-mmenu-title=\"Menu\" data-mmenu-stickytitle=\"on\" data-mmenu-closingicon=\"%7B%22desktop%22%3A%22off%22%2C%22tablet%22%3A%22off%22%2C%22mobile%22%3A%22off%22%7D\" data-brz-custom-id=\"edjvdhakpwpvdnapuksvygzpgupngwpvzzem\">\n<nav data-mods=\"%7B%22desktop%22%3A%22horizontal%22%2C%22tablet%22%3A%22horizontal%22%2C%22mobile%22%3A%22horizontal%22%7D\" class=\"brz-menu brz-menu__preview brz-css-ql9CF brz-css-dT4Hu\">\n<ul class=\"brz-menu__ul\" data-menu-items-active=\"\">\n<li data-menu-item-id=\"\" class=\"brz-menu__item \"><a class=\"brz-a\" target=\"\" href=\"\" title=\"\"><span class=\"brz-span\"><\/span><\/a>\n<ul class=\"brz-menu__sub-menu\"><\/ul>\n<\/li>\n<\/ul>\n<\/nav>\n<div class=\"brz-mm-menu__icon\"><\/div>\n<nav data-mods=\"%7B%22desktop%22%3A%22horizontal%22%2C%22tablet%22%3A%22horizontal%22%2C%22mobile%22%3A%22horizontal%22%7D\" id=\"edjvdhakpwpvdnapuksvygzpgupngwpvzzem_\" class=\"brz-menu brz-menu__preview brz-menu__mmenu brz-menu--has-dropdown brz-css-f2k7b brz-css-b4Zli\">\n<ul class=\"brz-menu__ul\" data-menu-items-active=\"\">\n<li data-menu-item-id=\"\" class=\"brz-menu__item \"><a class=\"brz-a\" target=\"\" href=\"\" title=\"\"><span class=\"brz-span\"><\/span><\/a>\n<ul class=\"brz-menu__sub-menu\"><\/ul>\n<\/li>\n<\/ul>\n<\/nav>\n<\/div>\n<\/div>\n<\/div>\n<\/div>\n<\/div>\n<\/div>\n<\/div>\n<\/div>\n<\/div>\n<\/section>\n<section id=\"_qlmtfcftkttwndswnktrxgugbmppfgzaercx\" class=\"brz-section brz-css-lORVg\">\n<div class=\"brz-section__content brz-section--boxed brz-css-zLi4e brz-css-bSvmR\" data-brz-custom-id=\"vpdhyyqlzlbvkbmkfasfdtrtdanjnndirgro\">\n<div class=\"brz-container brz-css-xLkK3\">\n<div id=\"\" class=\"brz-css-qn1ms brz-wrapper\">\n<div class=\"brz-rich-text brz-rich-text__custom brz-css-m1hgt\" data-brz-custom-id=\"rrlwlxkityhyadvqkbhxbplytoxpbtxxrjws\">\n<div data-brz-translate-text=\"1\">\n<p class=\"brz-text-lg-center brz-ff-lato brz-ft-google brz-fs-lg-28 brz-fss-lg-px brz-fw-lg-700 brz-ls-lg-m_1_5 brz-lh-lg-1_4 brz-tp-lg-empty brz-fss-xs-px brz-fw-xs-700 brz-ls-xs-m_1_5 brz-lh-xs-1_4 brz-tp-xs-empty brz-fs-xs-22 brz-css-fFkXO\" data-uniq-id=\"qbrgw\" data-generated-css=\"brz-css-emplx\">O autoru | About<\/p>\n<\/div>\n<\/div>\n<\/div>\n<\/div>\n<\/div>\n<\/section>\n<section id=\"_zdrtzqphefqpkycoygpwkvsialuqcwcibkwk\" class=\"brz-section brz-css-lORVg\">\n<div class=\"brz-section__content brz-section--boxed brz-css-zLi4e brz-css-bBLuz\" data-brz-custom-id=\"inpleznwieobewfxgkutvspglvagohfilahh\">\n<div class=\"brz-container brz-css-xLkK3\">\n<div class=\"brz-row__container brz-css-nlz3X\" data-brz-custom-id=\"fpyugnidsjjifbtrdomsuzzyayhdnhzybife\">\n<div class=\"brz-bg\"><\/div>\n<div class=\"brz-row brz-css-xp764 brz-css-lXQ1I\">\n<div class=\"brz-columns brz-css-xbCSu brz-css-zb2WE\" data-brz-custom-id=\"ytdszpsixfqxxipfwnzowefdpjhxotqyuube\">\n<div class=\"brz-bg\"><\/div>\n<div class=\"brz-column__items brz-css-wGWtk brz-css-ujRf7\">\n<div id=\"\" class=\"brz-css-qn1ms brz-css-dWaTN brz-wrapper\">\n<div class=\"brz-line brz-line-default brz-css-jKVFN brz-css-nXjxY\" data-brz-custom-id=\"jcbkkbdptgxqfvegmvwhqtqxymmvnuysjqfa\">\n<hr class=\"brz-hr\"><\/div>\n<\/div>\n<div id=\"\" class=\"brz-css-qn1ms brz-wrapper\">\n<div class=\"brz-rich-text brz-rich-text__custom brz-css-m1hgt\" data-brz-custom-id=\"hwmvagyoeirifjdgcufcdpsjojxutlrlhtut\">\n<div data-brz-translate-text=\"1\">\n<p class=\"brz-tp-lg-paragraph brz-css-o6Jg0\" data-uniq-id=\"bjcac\" data-generated-css=\"brz-css-hboun\">Ro\u0111en je 1. 11. 1962. godine u Puli gdje zavr\u0161ava osnovnu te srednju \u0161kolu za primjenjenu umjetnost.<\/p>\n<p class=\"brz-tp-lg-paragraph brz-css-xZJxG\" data-uniq-id=\"zkwxo\" data-generated-css=\"brz-css-jmonk\"><\/p>\n<p class=\"brz-tp-lg-paragraph brz-css-sckzU\" data-uniq-id=\"hhbcy\" data-generated-css=\"brz-css-zdddq\">Fakultet za likovnu umjetnost u Beogradu zavr\u0161ava 1990. god.<\/p>\n<p class=\"brz-tp-lg-paragraph brz-css-vAAtj\" data-uniq-id=\"lpigl\" data-generated-css=\"brz-css-vtglf\"><\/p>\n<p class=\"brz-tp-lg-paragraph brz-css-z4dMp\" data-uniq-id=\"iinuu\" data-generated-css=\"brz-css-jlqxh\">\u010clan je HDLU &#8211; Istre.<\/p>\n<p class=\"brz-tp-lg-paragraph brz-css-uWhPt\" data-uniq-id=\"aycwt\" data-generated-css=\"brz-css-nnuut\"><\/p>\n<p class=\"brz-tp-lg-paragraph brz-css-nmH0B\" data-uniq-id=\"khbvk\" data-generated-css=\"brz-css-nikkl\">Samostalno i skupno izla\u017ee od 1990. god. na desetak samostalnih i vi\u0161e skupnih izlo\u017ebi u zemlji i inozemstvu.<\/p>\n<p class=\"brz-tp-lg-paragraph brz-css-s6BSb\" data-uniq-id=\"zxiao\" data-generated-css=\"brz-css-ugbps\"><\/p>\n<p class=\"brz-tp-lg-paragraph brz-css-o5UJ2\" data-generated-css=\"brz-css-noblv\" data-uniq-id=\"pkbyp\">\u017divi i stvara u Puli.<\/p>\n<\/div>\n<\/div>\n<\/div>\n<\/div>\n<\/div>\n<\/div>\n<\/div>\n<\/div>\n<\/div>\n<\/section>\n<section id=\"_zxqzjqobwtsfszwuffngztdpfxjjttamkkqs\" class=\"brz-section brz-css-lORVg\">\n<div class=\"brz-section__content brz-section--boxed brz-css-zLi4e brz-css-hlm8H\" data-brz-custom-id=\"jshagnqnltoeucuknrwlcsoffbhociizzzwp\">\n<div class=\"brz-container brz-css-xLkK3\">\n<div class=\"brz-row__container brz-css-nlz3X\" data-brz-custom-id=\"whgztfetehzttfalvcjjxtjmxbazbwbgmgcm\">\n<div class=\"brz-bg\"><\/div>\n<div class=\"brz-row brz-css-xp764 brz-css-lXQ1I\">\n<div class=\"brz-columns brz-css-xbCSu brz-css-iV1d7\" data-brz-custom-id=\"qlkkcsdvbqvrvanzfavhgyqqztueguakwmkp\">\n<div class=\"brz-bg\"><\/div>\n<div class=\"brz-column__items brz-css-wGWtk\">\n<div id=\"\" class=\"brz-css-qn1ms brz-css-apSzR brz-wrapper\">\n<div class=\"brz-line brz-line-default brz-css-jKVFN brz-css-wi3n3\" data-brz-custom-id=\"spudklydyendgaoicaymxzqkuuozzhriqfwv\">\n<hr class=\"brz-hr\"><\/div>\n<\/div>\n<div id=\"\" class=\"brz-css-qn1ms brz-css-nkwLr brz-wrapper\">\n<div class=\"brz-rich-text brz-rich-text__custom brz-css-m1hgt\" data-brz-custom-id=\"eufejvdjyvpjxmwtxydqaxdznbuzfsiopuik\">\n<div data-brz-translate-text=\"1\">\n<p class=\"brz-tp-lg-paragraph brz-css-rUQen\">He was born on November 1, 1962 in Pula, where he finished primary and secondary school of applied arts. <\/p>\n<p class=\"brz-tp-lg-paragraph brz-css-ejp9Q\"><\/p>\n<p class=\"brz-tp-lg-paragraph brz-css-xqG9q\">Graduated from Faculty of visual arts in Belgrade in 1990.<\/p>\n<p class=\"brz-tp-lg-paragraph brz-css-tNOQW\"><\/p>\n<p class=\"brz-tp-lg-paragraph brz-css-iG6SH\">Member of HDLU &#8211; Istre.<\/p>\n<p class=\"brz-tp-lg-paragraph brz-css-gdzYS\"><\/p>\n<p class=\"brz-tp-lg-paragraph brz-css-i07YR\">Since 1990, he has exhibited independently and collectively in a dozen solo and group exhibitions in the country and abroad.<\/p>\n<p class=\"brz-tp-lg-paragraph brz-css-bGadm\"><\/p>\n<p class=\"brz-tp-lg-paragraph brz-css-qG8Gf\" data-uniq-id=\"jbhfi\" data-generated-css=\"brz-css-kigsj\">Lives and works in Pula (CRO).<\/p>\n<\/div>\n<\/div>\n<\/div>\n<\/div>\n<\/div>\n<\/div>\n<\/div>\n<\/div>\n<\/div>\n<\/section>\n<\/div>\n<p>    <!-- version:1732336676 --><\/p>\n","protected":false},"excerpt":{"rendered":"<p>O autoru | About Ro\u0111en je 1. 11. 1962. godine u Puli gdje zavr\u0161ava osnovnu te srednju \u0161kolu za primjenjenu umjetnost. Fakultet za likovnu umjetnost u Beogradu zavr\u0161ava 1990. god. \u010clan je HDLU &#8211; Istre. Samostalno i skupno izla\u017ee od 1990. god. na desetak samostalnih i vi\u0161e skupnih izlo\u017ebi u zemlji i inozemstvu. \u017divi i [&hellip;]<\/p>\n","protected":false},"author":1,"featured_media":0,"parent":0,"menu_order":0,"comment_status":"closed","ping_status":"closed","template":"brizy-blank-template.php","meta":{"footnotes":""},"class_list":["post-159","page","type-page","status-publish","hentry"],"blocksy_meta":{"styles_descriptor":{"styles":{"desktop":"","tablet":"","mobile":""},"google_fonts":[],"version":6}},"_links":{"self":[{"href":"https:\/\/www.goran-grofelnik.com\/index.php?rest_route=\/wp\/v2\/pages\/159","targetHints":{"allow":["GET"]}}],"collection":[{"href":"https:\/\/www.goran-grofelnik.com\/index.php?rest_route=\/wp\/v2\/pages"}],"about":[{"href":"https:\/\/www.goran-grofelnik.com\/index.php?rest_route=\/wp\/v2\/types\/page"}],"author":[{"embeddable":true,"href":"https:\/\/www.goran-grofelnik.com\/index.php?rest_route=\/wp\/v2\/users\/1"}],"replies":[{"embeddable":true,"href":"https:\/\/www.goran-grofelnik.com\/index.php?rest_route=%2Fwp%2Fv2%2Fcomments&post=159"}],"version-history":[{"count":12,"href":"https:\/\/www.goran-grofelnik.com\/index.php?rest_route=\/wp\/v2\/pages\/159\/revisions"}],"predecessor-version":[{"id":247,"href":"https:\/\/www.goran-grofelnik.com\/index.php?rest_route=\/wp\/v2\/pages\/159\/revisions\/247"}],"wp:attachment":[{"href":"https:\/\/www.goran-grofelnik.com\/index.php?rest_route=%2Fwp%2Fv2%2Fmedia&parent=159"}],"curies":[{"name":"wp","href":"https:\/\/api.w.org\/{rel}","templated":true}]}}